{"id":11,"date":"2025-02-20T11:07:44","date_gmt":"2025-02-20T10:07:44","guid":{"rendered":"http:\/\/lahma.pl\/?page_id=11"},"modified":"2025-02-21T12:13:39","modified_gmt":"2025-02-21T11:13:39","slug":"kontakt","status":"publish","type":"page","link":"https:\/\/lahma.pl\/","title":{"rendered":"Kontakt"},"content":{"rendered":"<div id=\"allContent\">\n<div class=\"h\">Zapytania o produkty kieruj do<\/div>\n<div class=\"left\">\n<div class=\"left\"><strong>Robert Olsza\u0144ski<\/strong><br \/>\n<strong class=\"red\">tel. 0 604 213 048<\/strong><br \/>\n<a href=\"mailto:robertolszanski@lahma.pl\"><strong>robertolszanski@lahma.pl<\/strong><\/a><\/p>\n<div class=\"clear10\"><\/div>\n<div class=\"hr\">\n<hr \/>\n<\/div>\n<div class=\"clear10\"><\/div>\n<p>W kwestiach p\u0142yt budowlanych jak r\u00f3wnie\u017c wellness &amp; SPA.<\/p>\n<\/div>\n<\/div>\n<div class=\"left\">\n<div class=\"left\"><strong>Anna Pogoda<\/strong><br \/>\n<strong class=\"red\">tel. 0 604 227 553<\/strong><br \/>\n<a href=\"mailto:annapogoda@lahma.pl\"><strong>annapogoda@lahma.pl<\/strong><\/a><\/p>\n<div class=\"clear10\"><\/div>\n<div class=\"hr\">\n<hr \/>\n<\/div>\n<div class=\"clear10\"><\/div>\n<p>W zakresie wellness &amp; SPA oraz wycen i kosztorys\u00f3w inwestorskich.<\/p>\n<\/div>\n<\/div>\n<\/div>\n<div class=\"clear30\"><\/div>\n<div id=\"allContent\">\n<div class=\"clear10\"><\/div>\n<div class=\"left\">\n<div class=\"h\">Zarz\u0105d<\/div>\n<p>Robert Olsza\u0144ski<br \/>\nPrezes Zarz\u0105du<\/p>\n<\/div>\n<div class=\"left\">\n<div class=\"h\">Dzia\u0142 Sprzeda\u017cy i Marketingu<\/div>\n<div class=\"left\">Robert Olsza\u0144ski<br \/>\ntel. 0 604 213 048<br \/>\n<a href=\"mailto:robertolszanski@lahma.pl\"><strong>robertolszanski@lahma.pl<\/strong><\/a><\/div>\n<div class=\"left\">Anna Pogoda<br \/>\ntel. 0 604 227 553, 12 278 38 29<br \/>\n<a href=\"mailto:annapogoda@lahma.pl\"><strong>annapogoda@lahma.pl<\/strong><\/a><\/div>\n<\/div>\n<div class=\"left\">\n<div class=\"h\">Ksi\u0119gowo\u015b\u0107<\/div>\n<p>Beata Suder<br \/>\ntel. 0 606 459 316, 12 278 38 29<br \/>\n<a href=\"mailto:beatasuder@lahma.pl\"><strong>beatasuder@lahma.pl<\/strong><\/a><\/p>\n<\/div>\n<div class=\"clear30\"><\/div>\n<div class=\"hr\">\n<hr \/>\n<\/div>\n<div class=\"clear30\"><\/div>\n<div class=\"left\">\n<div class=\"h\">Lahma Sp. z o.o.<\/div>\n<p>Lahma Sp. z o.o.<br \/>\n(dawna nazwa wedi Polska Sp. z o. o.)<\/p>\n<p>ul. Boche\u0144ska 11\/2A<br \/>\n32-005 Niepo\u0142omice<br \/>\ntel. 12 278 38 29<br \/>\ntel.\/fax 012 278 38 25<\/p>\n<p><strong>Adres magazynu dla za\u0142adunk\u00f3w:<\/strong><br \/>\nLahma Sp. z o. o.<br \/>\nStani\u0105tki 245,<br \/>\n32-005 Niepo\u0142omice<\/p>\n<p><iframe loading=\"lazy\" style=\"border: 0;\" src=\"https:\/\/www.google.com\/maps\/embed?pb=!1m18!1m12!1m3!1d3153.485536322755!2d20.188128276898293!3d50.03323081731635!2m3!1f0!2f0!3f0!3m2!1i1024!2i768!4f13.1!3m3!1m2!1s0x471647a06d75beb1%3A0x80f0fe39edab442e!2sLahma%20Sp.%20z%20o.o.!5e1!3m2!1spl!2spl!4v1740136227440!5m2!1spl!2spl\" width=\"600\" height=\"450\" allowfullscreen=\"allowfullscreen\"><\/iframe><\/p>\n<\/div>\n<div class=\"right\">\n<div id=\"mapa\">\n<div class=\"gm-err-container\">\n<div class=\"gm-err-content\">\n<div class=\"gm-err-title\">\n<hr \/>\n<\/div>\n<\/div>\n<\/div>\n<\/div>\n<\/div>\n<div class=\"clear20\"><\/div>\n<div>KRS 0000089305, S\u0105d Rejonowy dla Krakowa-\u015ar\u00f3dmie\u015bcia, XI Wydzia\u0142 Gospodarczy Krajowego Rejestru S\u0105dowego, NIP: 678-27-76-403, Kapita\u0142 Zak\u0142adowy: 1 500 000 PLN<\/div>\n<\/div>\n<div class=\"clear\"><\/div>\n","protected":false},"excerpt":{"rendered":"<p>Zapytania o produkty kieruj do Robert Olsza\u0144ski tel. 0 604 213 048 robertolszanski@lahma.pl W kwestiach p\u0142yt budowlanych jak r\u00f3wnie\u017c wellness &amp; SPA. Anna Pogoda tel. 0 604 227 553 annapogoda@lahma.pl W zakresie wellness &amp; SPA oraz wycen i kosztorys\u00f3w inwestorskich. Zarz\u0105d Robert Olsza\u0144ski Prezes Zarz\u0105du Dzia\u0142 Sprzeda\u017cy i Marketingu Robert Olsza\u0144ski tel. 0 604 213 [&hellip;]<\/p>\n","protected":false},"author":1,"featured_media":0,"parent":0,"menu_order":0,"comment_status":"closed","ping_status":"closed","template":"","meta":{"footnotes":""},"class_list":["post-11","page","type-page","status-publish","czr-hentry"],"_links":{"self":[{"href":"https:\/\/lahma.pl\/index.php\/wp-json\/wp\/v2\/pages\/11","targetHints":{"allow":["GET"]}}],"collection":[{"href":"https:\/\/lahma.pl\/index.php\/wp-json\/wp\/v2\/pages"}],"about":[{"href":"https:\/\/lahma.pl\/index.php\/wp-json\/wp\/v2\/types\/page"}],"author":[{"embeddable":true,"href":"https:\/\/lahma.pl\/index.php\/wp-json\/wp\/v2\/users\/1"}],"replies":[{"embeddable":true,"href":"https:\/\/lahma.pl\/index.php\/wp-json\/wp\/v2\/comments?post=11"}],"version-history":[{"count":5,"href":"https:\/\/lahma.pl\/index.php\/wp-json\/wp\/v2\/pages\/11\/revisions"}],"predecessor-version":[{"id":34,"href":"https:\/\/lahma.pl\/index.php\/wp-json\/wp\/v2\/pages\/11\/revisions\/34"}],"wp:attachment":[{"href":"https:\/\/lahma.pl\/index.php\/wp-json\/wp\/v2\/media?parent=11"}],"curies":[{"name":"wp","href":"https:\/\/api.w.org\/{rel}","templated":true}]}}